{"id":1250,"date":"2025-07-10T15:49:53","date_gmt":"2025-07-10T12:49:53","guid":{"rendered":"https:\/\/patients.brainandspine.health\/?page_id=1250"},"modified":"2025-07-10T16:49:25","modified_gmt":"2025-07-10T13:49:25","slug":"atteikuma-tiesibas","status":"publish","type":"page","link":"https:\/\/patients.brainandspine.health\/en\/atteikuma-tiesibas\/","title":{"rendered":"Right of Withdrawal"},"content":{"rendered":"<p><\/p>\n\n\n\n<p>The service offered on the portal \u2013 remote neurosurgeon consultations \u2013 falls under the category \u201cServices fully provided with the consumer\u2019s explicit consent and confirmation of waiver of the right of withdrawal.\u201d<\/p>\n\n\n\n<p>, as the service is provided remotely and is initiated immediately after the Client's consent. <strong>has no right of withdrawal<\/strong>because the service is provided remotely and is initiated immediately after the client's consent.<\/p>\n\n\n\n<p><\/p>","protected":false},"excerpt":{"rendered":"<p>Port\u0101l\u0101 pied\u0101v\u0101tais Pakalpojums &#8211; att\u0101lin\u0101tas nekl\u0101tienes neiro\u0137irurga konsult\u0101cijas &#8211; pieder kategorijai &#8220;Pakalpojumi, kas piln\u012bb\u0101 sniegti ar pat\u0113r\u0113t\u0101ja skaidru piekri\u0161anu un apliecin\u0101jumu par atteikuma ties\u012bbu zaud\u0113\u0161anu&#8221;. L\u012bdz ar to Saska\u0146\u0101 ar PTAL un MK 255. noteikumu &#8220;Noteikumi par distances l\u012bgumu&#8221; 22. punktu Klientam nav atteikuma ties\u012bbu, jo pakalpojums tiek nodro\u0161in\u0101ts att\u0101lin\u0101ti un tiek s\u0101kts izpild\u012bt nekav\u0113joties [&hellip;]<\/p>","protected":false},"author":1,"featured_media":0,"parent":0,"menu_order":0,"comment_status":"closed","ping_status":"closed","template":"","meta":{"footnotes":""},"class_list":["post-1250","page","type-page","status-publish","hentry"],"blocksy_meta":[],"_links":{"self":[{"href":"https:\/\/patients.brainandspine.health\/en\/wp-json\/wp\/v2\/pages\/1250","targetHints":{"allow":["GET"]}}],"collection":[{"href":"https:\/\/patients.brainandspine.health\/en\/wp-json\/wp\/v2\/pages"}],"about":[{"href":"https:\/\/patients.brainandspine.health\/en\/wp-json\/wp\/v2\/types\/page"}],"author":[{"embeddable":true,"href":"https:\/\/patients.brainandspine.health\/en\/wp-json\/wp\/v2\/users\/1"}],"replies":[{"embeddable":true,"href":"https:\/\/patients.brainandspine.health\/en\/wp-json\/wp\/v2\/comments?post=1250"}],"version-history":[{"count":2,"href":"https:\/\/patients.brainandspine.health\/en\/wp-json\/wp\/v2\/pages\/1250\/revisions"}],"predecessor-version":[{"id":1263,"href":"https:\/\/patients.brainandspine.health\/en\/wp-json\/wp\/v2\/pages\/1250\/revisions\/1263"}],"wp:attachment":[{"href":"https:\/\/patients.brainandspine.health\/en\/wp-json\/wp\/v2\/media?parent=1250"}],"curies":[{"name":"wp","href":"https:\/\/api.w.org\/{rel}","templated":true}]}}