{"id":2,"date":"2025-04-09T09:35:52","date_gmt":"2025-04-09T09:35:52","guid":{"rendered":"https:\/\/patients.brainandspine.health\/?page_id=2"},"modified":"2026-01-26T10:38:46","modified_gmt":"2026-01-26T08:38:46","slug":"sakums","status":"publish","type":"page","link":"https:\/\/patients.brainandspine.health\/en\/","title":{"rendered":"Home"},"content":{"rendered":"<div class=\"home-hero alignfull\">\n<div class=\"container grid-2 home-hero__container gb-element-71af2cc6\">\n<div class=\"column gb-element-c12ff5c1\">\n<div>\n<h1 class=\"gb-text\">Neurosurgery Patient Portal<\/h1>\n<\/div>\n\n\n\n<p class=\"gb-text gb-text-47b501e5\">Receive a remote consultation with a neurosurgeon and get a referral for examinations or a medication prescription by simply filling out a short form! This convenient service ensures access to expert medical advice without leaving your home. <\/p>\n\n\n\n<p>New!<br>\u2013 You\u2019ll receive the neurosurgeon\u2019s conclusion by email in the next few days<br>\u2013 A SECOND OPINION on your diagnosis and treatment plan\u2014quick and convenient, all from home<br>\u2013 Medication Prescription \/ Referral Remotely<\/p>\n\n\n\n<p>Consultation price starting from <strong><mark class=\"has-inline-color has-palette-color-1-color\">70 EUR<\/mark><\/strong><\/p>\n\n\n\n<div class=\"gb-element-e94f0230\">\n<a class=\"gb-text service-buttons\" href=\"https:\/\/patients.brainandspine.health\/en\/pakalpojumi\/attalinata-konsultacija\/\">Remote consultation<\/a>\n\n\n\n<a class=\"gb-text service-buttons\" href=\"https:\/\/patients.brainandspine.health\/en\/pakalpojumi\/otrs-viedoklis\/\">Second opinion<\/a>\n\n\n\n<a class=\"gb-text service-buttons\" target=\"_blank\" rel=\"noopener\" href=\"https:\/\/www.piearsta.lv\/lv\/iestazu-katalogs\/neirokirurgi-lv-medikom-latvia-sia-1193\/\">In-person consultation<\/a>\n\n\n\n<a class=\"gb-text service-buttons\" href=\"https:\/\/patients.brainandspine.health\/en\/pakalpojumi\/nosutijuma-izveide-elektroniski\/\">Referral \/ prescription<\/a>\n<\/div>\n<\/div>\n\n\n\n<div class=\"gb-element-e72f5b73\">\n<img loading=\"lazy\" decoding=\"async\" width=\"1600\" height=\"900\" class=\"gb-media-87dd20c9\" alt=\"\" src=\"https:\/\/patients.brainandspine.health\/wp-content\/uploads\/2025\/06\/dakteri-2_1.webp\" title=\"dakteri-2_1\" srcset=\"https:\/\/patients.brainandspine.health\/wp-content\/uploads\/2025\/06\/dakteri-2_1.webp 1600w, https:\/\/patients.brainandspine.health\/wp-content\/uploads\/2025\/06\/dakteri-2_1-300x169.webp 300w, https:\/\/patients.brainandspine.health\/wp-content\/uploads\/2025\/06\/dakteri-2_1-1024x576.webp 1024w, https:\/\/patients.brainandspine.health\/wp-content\/uploads\/2025\/06\/dakteri-2_1-768x432.webp 768w, https:\/\/patients.brainandspine.health\/wp-content\/uploads\/2025\/06\/dakteri-2_1-1536x864.webp 1536w, https:\/\/patients.brainandspine.health\/wp-content\/uploads\/2025\/06\/dakteri-2_1-600x338.webp 600w\" sizes=\"auto, (max-width: 1600px) 100vw, 1600px\" \/>\n<\/div>\n<\/div>\n\n\n\n<div class=\"container stats-container\">\n<div class=\"stats-item\">\n<p class=\"gb-text stats-item__title\">3000 +<\/p>\n\n\n\n<p class=\"gb-text stats-item__text\">Successful Spine and Neuro Surgeries<\/p>\n<\/div>\n\n\n\n<div class=\"stats-item\">\n<p class=\"gb-text stats-item__title\">98%<\/p>\n\n\n\n<p class=\"gb-text stats-item__text\">Patient Satisfaction Rate<\/p>\n<\/div>\n\n\n\n<div class=\"stats-item\">\n<p class=\"gb-text stats-item__title\">2 weeks<\/p>\n\n\n\n<p class=\"gb-text stats-item__text\">Average Waiting Time for Surgery<\/p>\n<\/div>\n\n\n\n<div class=\"stats-item\">\n<p class=\"gb-text stats-item__title\"> 25 +<\/p>\n\n\n\n<p class=\"gb-text stats-item__text\">International Patients Treated Annually<\/p>\n<\/div>\n<\/div>\n<\/div>\n\n\n\n<div class=\"section alignfull\">\n<div class=\"container column-l\">\n<div class=\"column text-align-center container-centered gb-element-2c4c8bee\">\n<div>\n<h2 class=\"gb-text\">What is online Consultation?<\/h2>\n<\/div>\n\n\n\n<p class=\"gb-text\">Att\u0101lin\u0101tas nekl\u0101tienes konsult\u0101cijas \/ OTRA VIEDOK\u013bA m\u0113r\u0137is ir nodro\u0161in\u0101t \u0101tru un \u0113rtu piek\u013cuvi augsti kvalific\u0113tam neiro\u0137irurgam ikvienam pacientam ar aizdom\u0101m par vesel\u012bbas trauc\u0113jumiem vai jau zin\u0101mu neiro\u0137irur\u0123isku probl\u0113mu. Port\u0101l\u0101 aizpildiet anketu un \u0101rsts rakstiski sagatavos jums sl\u0113dzienu.<br>\u0100rsta-neiro\u0137irurga konsult\u0101cija, nos\u016bt\u012bjums uz izmekl\u0113jumu un\/vai medikamentu receptei ir da\u017eu klik\u0161\u0137u att\u0101lum\u0101 &#8211; iesniedziet m\u016bsu port\u0101l\u0101 inform\u0101ciju par simptomiem un sa\u0146emiet \u0101rsta rakstisku sl\u0113dzienu <br>jau tuv\u0101ko dienu laik\u0101 sav\u0101 e-past\u0101.<\/p>\n<\/div>\n\n\n\n<div class=\"grid-3 gap-d gb-element-ddc32372\">\n<div class=\"column gb-element-7f06dc50\">\n<h3 class=\"gb-text\">What Will You Receive?<\/h3>\n\n\n\n<div>\n<p>After selecting the service, you will receive:<\/p>\n\n\n\n<ul class=\"wp-block-list\">\n<li>if necessary, referrals or prescriptions in the e-health system<\/li>\n\n\n\n<li>a detailed written response from a qualified neurosurgeon;<\/li>\n\n\n\n<li>recommendations for further treatment or examinations.<\/li>\n<\/ul>\n<\/div>\n<\/div>\n\n\n\n<div class=\"card-d text-align-center column\">\n<span class=\"gb-shape gb-shape-73a25a22\">\n\n\n\n\n\n<\/span>\n\n\n\n<h3 class=\"gb-text\">Referral to e-health system (e-Vesel\u012bba)<\/h3>\n\n\n\n<p>If needed, the neurosurgeon will issue a referral to a test or other specialist consultation in the Latvian National Health Service (e-health) system.<\/p>\n<\/div>\n\n\n\n<div class=\"card-d text-align-center column\">\n<span class=\"gb-shape gb-shape-544008d8\">\n\n\n\n\n\n\n\n<\/span>\n\n\n\n<h3 class=\"gb-text\">Prescription in e-health system<\/h3>\n\n\n\n<p>If needed, the neurosurgeon will issue a prescription in the Latvian National Health Service (e-health) system<\/p>\n<\/div>\n<\/div>\n<\/div>\n<\/div>\n\n\n\n<div class=\"section gb-element-d1b28ba6 alignfull\">\n<div class=\"container container-centered column-m\">\n<div class=\"narrow-width text-align-center column\">\n<div>\n<h2 class=\"gb-text\">How Does It Work?<\/h2>\n<\/div>\n\n\n\n<p class=\"gb-text\">Watch our short video to learn what a remote neurosurgeon consultation is, what to expect from it, and how to prepare.<\/p>\n<\/div>\n\n\n\n<figure class=\"wp-block-video\"><video height=\"1080\" style=\"aspect-ratio: 1920 \/ 1080;\" width=\"1920\" controls src=\"https:\/\/patients.brainandspine.health\/wp-content\/uploads\/2025\/09\/Intro-Andris-_-intro-new2_eng.mp4\"><\/video><\/figure>\n<\/div>\n<\/div>","protected":false},"excerpt":{"rendered":"<p>Neiro\u0137irur\u0123ijas PACIENTU PORT\u0100LS Sa\u0146emiet \u0101rsta-neiro\u0137irurga att\u0101lin\u0101tu nekl\u0101tienes konsult\u0101ciju un nos\u016bt\u012bjumu uz izmekl\u0113jumiem vai medikamentu recepti, aizpildot vienk\u0101r\u0161u formu! Jaunums!&#8211; \u0100rsta-neiro\u0137irurga sl\u0113dziens jau tuv\u0101ko dienu laik\u0101 J\u016bsu e-past\u0101&#8211; OTRS VIEDOKLIS par j\u016bsu diagnozi un \u0101rst\u0113\u0161anas pl\u0101nu \u0101tri un \u0113rti, neizejot no m\u0101j\u0101m&#8211; MEDIKAMENTU RECEPTE \/ NOS\u016aT\u012aJUMS att\u0101lin\u0101ti Konsult\u0101cijas cena, s\u0101kot no 70 EUR Nekl\u0101tienes konsult\u0101cija Otrs [&hellip;]<\/p>","protected":false},"author":1,"featured_media":0,"parent":0,"menu_order":0,"comment_status":"closed","ping_status":"closed","template":"","meta":{"footnotes":""},"class_list":["post-2","page","type-page","status-publish","hentry"],"blocksy_meta":{"has_hero_section":"disabled","styles_descriptor":{"styles":{"desktop":"","tablet":"","mobile":""},"google_fonts":[],"version":6},"vertical_spacing_source":"custom","content_area_spacing":"bottom"},"_links":{"self":[{"href":"https:\/\/patients.brainandspine.health\/en\/wp-json\/wp\/v2\/pages\/2","targetHints":{"allow":["GET"]}}],"collection":[{"href":"https:\/\/patients.brainandspine.health\/en\/wp-json\/wp\/v2\/pages"}],"about":[{"href":"https:\/\/patients.brainandspine.health\/en\/wp-json\/wp\/v2\/types\/page"}],"author":[{"embeddable":true,"href":"https:\/\/patients.brainandspine.health\/en\/wp-json\/wp\/v2\/users\/1"}],"replies":[{"embeddable":true,"href":"https:\/\/patients.brainandspine.health\/en\/wp-json\/wp\/v2\/comments?post=2"}],"version-history":[{"count":114,"href":"https:\/\/patients.brainandspine.health\/en\/wp-json\/wp\/v2\/pages\/2\/revisions"}],"predecessor-version":[{"id":1833,"href":"https:\/\/patients.brainandspine.health\/en\/wp-json\/wp\/v2\/pages\/2\/revisions\/1833"}],"wp:attachment":[{"href":"https:\/\/patients.brainandspine.health\/en\/wp-json\/wp\/v2\/media?parent=2"}],"curies":[{"name":"wp","href":"https:\/\/api.w.org\/{rel}","templated":true}]}}