{"id":785,"date":"2025-06-14T22:53:31","date_gmt":"2025-06-14T19:53:31","guid":{"rendered":"https:\/\/patients.brainandspine.health\/?page_id=785"},"modified":"2025-11-13T10:42:03","modified_gmt":"2025-11-13T08:42:03","slug":"pakalpojumi","status":"publish","type":"page","link":"https:\/\/patients.brainandspine.health\/en\/pakalpojumi\/","title":{"rendered":"Pakalpojumi"},"content":{"rendered":"<div class=\"section gb-element-3b2ba314 alignfull\">\n<div class=\"container container-centered column-m\">\n<div class=\"narrow-width text-align-center column\">\n<div>\n<h1 class=\"gb-text gb-text-987a9a3a\">Choose a Service<\/h1>\n<\/div>\n\n\n\n<p class=\"gb-text\">We currently offer a service \u2014 a remote neurosurgeon consultation, available for individuals experiencing neurosurgical symptoms or seeking advice regarding a previously received diagnosis. Additionally, you can receive referrals and medication prescriptions issued remotely.<\/p>\n\n\n\n<p>Our specialists are certified neurosurgeons with extensive experience in the surgical treatment of spinal, brain, and peripheral nerve disorders.<\/p>\n<\/div>\n\n\n\n<div class=\"gb-element-b6d847cb\">\n<div class=\"service-card\">\n<div class=\"service-card__img-container\">\n<img decoding=\"async\" class=\"gb-media-518f2c91\" alt=\"\" src=\"https:\/\/patients.brainandspine.health\/wp-content\/uploads\/2025\/06\/consultation.svg\" title=\"consultation\" \/>\n<\/div>\n\n\n\n<div class=\"column service-card__content\">\n<a class=\"gb-text clickable-parent service-card__title\">Remote consultation<\/a>\n\n\n\n<a class=\"gb-text button service-buttons\" href=\"https:\/\/patients.brainandspine.health\/en\/pakalpojumi\/attalinata-konsultacija\/\">Choose a Service<\/a>\n<\/div>\n<\/div>\n\n\n\n<div class=\"service-card\">\n<div class=\"service-card__img-container\">\n<img decoding=\"async\" class=\"gb-media-2d67d9be\" alt=\"\" src=\"https:\/\/patients.brainandspine.health\/wp-content\/uploads\/2025\/06\/public-opinion.svg\" title=\"public-opinion\" \/>\n<\/div>\n\n\n\n<div class=\"column service-card__content\">\n<a class=\"gb-text clickable-parent service-card__title\">Second opinion<\/a>\n\n\n\n<a class=\"gb-text button service-buttons\" href=\"https:\/\/patients.brainandspine.health\/en\/pakalpojumi\/otrs-viedoklis\/\">Choose a Service<\/a>\n<\/div>\n<\/div>\n\n\n\n<div class=\"service-card\">\n<div class=\"service-card__img-container\">\n<img decoding=\"async\" class=\"gb-media-73c9e0ab\" alt=\"\" src=\"https:\/\/patients.brainandspine.health\/wp-content\/uploads\/2025\/09\/doctor.svg\" title=\"doctor\" \/>\n<\/div>\n\n\n\n<div class=\"column service-card__content\">\n<a class=\"gb-text clickable-parent service-card__title\">In-person consultation<\/a>\n\n\n\n<a class=\"gb-text button service-buttons\" href=\"https:\/\/www.piearsta.lv\/lv\/iestazu-katalogs\/neirokirurgi-lv-medikom-latvia-sia-1193\/\" target=\"_blank\" rel=\"noopener\">Choose a Service<\/a>\n<\/div>\n<\/div>\n\n\n\n<div class=\"service-card\">\n<div class=\"service-card__img-container\">\n<img decoding=\"async\" class=\"gb-media-0ef969d8\" alt=\"\" src=\"https:\/\/patients.brainandspine.health\/wp-content\/uploads\/2025\/09\/write.svg\" title=\"write\" \/>\n<\/div>\n\n\n\n<div class=\"column service-card__content\">\n<a class=\"gb-text clickable-parent service-card__title\">Nos\u016bt\u012bjums \/ Recepte<\/a>\n\n\n\n<a class=\"gb-text button service-buttons\" href=\"https:\/\/patients.brainandspine.health\/en\/pakalpojumi\/nosutijuma-izveide-elektroniski\/\">Choose a Service<\/a>\n<\/div>\n<\/div>\n<\/div>\n<\/div>\n<\/div>\n\n\n\n<div class=\"section gb-element-d1b28ba6 alignfull\">\n<div class=\"container container-centered column-m\">\n<div class=\"narrow-width text-align-center column\">\n<div>\n<h2 class=\"gb-text\">Need Help? Watch the Video<\/h2>\n<\/div>\n\n\n\n<p class=\"gb-text\">Watch a short tutorial video to learn step by step how to easily choose a neurosurgeon and apply for a remote consultation.<\/p>\n<\/div>\n\n\n\n<figure class=\"wp-block-video\"><video height=\"1080\" style=\"aspect-ratio: 1920 \/ 1080;\" width=\"1920\" controls src=\"https:\/\/patients.brainandspine.health\/wp-content\/uploads\/2025\/09\/Intro-Andris-_-intro-new2_eng.mp4\"><\/video><\/figure>\n<\/div>\n<\/div>","protected":false},"excerpt":{"rendered":"<p>Izv\u0113lieties pakalpojumu \u0160obr\u012bd pied\u0101v\u0101jam pakalpojumu &#8211; \u0101rsta neiro\u0137irurga att\u0101lin\u0101tu nekl\u0101tienes konsult\u0101ciju, ja ir k\u0101di neiro\u0137irur\u0123iski simptomi vai par jau iepriek\u0161 sa\u0146emtu diagnozi, k\u0101 ar\u012b nos\u016bt\u012bjuma un receptes att\u0101lin\u0101tu izrakst\u012b\u0161anu. M\u016bsu speci\u0101listi ir sertific\u0113ti neiro\u0137irurgi ar pla\u0161u pieredzi mugurkaula, smadze\u0146u un perif\u0113ro nervu slim\u012bbu \u0137irur\u0123isk\u0101 \u0101rst\u0113\u0161an\u0101. Nekl\u0101tienes konsult\u0101cija Izv\u0113l\u0113ties pakalpojumu Otrs viedoklis Izv\u0113l\u0113ties pakalpojumu Kl\u0101tienes konsult\u0101cija [&hellip;]<\/p>","protected":false},"author":1,"featured_media":0,"parent":0,"menu_order":0,"comment_status":"closed","ping_status":"closed","template":"","meta":{"footnotes":""},"class_list":["post-785","page","type-page","status-publish","hentry"],"blocksy_meta":{"has_hero_section":"disabled","vertical_spacing_source":"custom","content_area_spacing":"bottom","styles_descriptor":{"styles":{"desktop":"","tablet":"","mobile":""},"google_fonts":[],"version":6}},"_links":{"self":[{"href":"https:\/\/patients.brainandspine.health\/en\/wp-json\/wp\/v2\/pages\/785","targetHints":{"allow":["GET"]}}],"collection":[{"href":"https:\/\/patients.brainandspine.health\/en\/wp-json\/wp\/v2\/pages"}],"about":[{"href":"https:\/\/patients.brainandspine.health\/en\/wp-json\/wp\/v2\/types\/page"}],"author":[{"embeddable":true,"href":"https:\/\/patients.brainandspine.health\/en\/wp-json\/wp\/v2\/users\/1"}],"replies":[{"embeddable":true,"href":"https:\/\/patients.brainandspine.health\/en\/wp-json\/wp\/v2\/comments?post=785"}],"version-history":[{"count":24,"href":"https:\/\/patients.brainandspine.health\/en\/wp-json\/wp\/v2\/pages\/785\/revisions"}],"predecessor-version":[{"id":1788,"href":"https:\/\/patients.brainandspine.health\/en\/wp-json\/wp\/v2\/pages\/785\/revisions\/1788"}],"wp:attachment":[{"href":"https:\/\/patients.brainandspine.health\/en\/wp-json\/wp\/v2\/media?parent=785"}],"curies":[{"name":"wp","href":"https:\/\/api.w.org\/{rel}","templated":true}]}}