{"id":778,"date":"2025-06-14T22:44:06","date_gmt":"2025-06-14T19:44:06","guid":{"rendered":"https:\/\/patients.brainandspine.health\/product\/otrs-viedoklis-dr-med-janis-slezins\/"},"modified":"2026-01-26T10:35:28","modified_gmt":"2026-01-26T08:35:28","slug":"otrs-viedoklis-dr-med-janis-slezins","status":"publish","type":"product","link":"https:\/\/patients.brainandspine.health\/en\/product\/otrs-viedoklis-dr-med-janis-slezins\/","title":{"rendered":"Otrs viedoklis &#8211; Dr. med. J\u0101nis \u0160l\u0113zi\u0146\u0161, MD, PhD, sertific\u0113ts \u0101rsts-neiro\u0137irurgs"},"content":{"rendered":"<div class=\"section gb-element-3b2ba314 alignfull\">\n<div class=\"container container-centered column-m\">\n<div class=\"narrow-width text-align-center column\">\n<div>\n<h1 class=\"gb-text gb-text-987a9a3a\">Choose a Specialist<\/h1>\n<\/div>\n\n\n\n<p class=\"gb-text\">Izv\u0113lieties k\u0101du no m\u016bsu pieredz\u0113ju\u0161ajiem neiro\u0137irurgiem un sa\u0146emiet NEIRO\u0136IRURGA OTRU VIEDOKLI &#8211; konsult\u0101ciju par savu slim\u012bbu,<br>rakstisku \u0101rsta sl\u0113dzienu J\u016bsu e-past\u0101. <br>Our specialists are certified neurosurgeons with extensive experience in the surgical treatment of spinal, brain, and peripheral nerve disorders.<\/p>\n<\/div>\n\n\n\n<section class=\"service-specialists-query\"><div class=\"specialisti-query\">\n<article class=\"gb-loop-item specialisti-card post-14 doctor type-doctor status-publish has-post-thumbnail hentry\">\n<div class=\"specialist-cad__image-container\"><figure class=\"speciality-card__img wp-block-post-featured-image\"><img loading=\"lazy\" decoding=\"async\" width=\"1280\" height=\"1600\" src=\"https:\/\/patients.brainandspine.health\/wp-content\/uploads\/2025\/04\/1745081723-dr-slezins-web_1.webp\" class=\"attachment-post-thumbnail size-post-thumbnail wp-post-image\" alt=\"\" style=\"object-fit:cover;\" srcset=\"https:\/\/patients.brainandspine.health\/wp-content\/uploads\/2025\/04\/1745081723-dr-slezins-web_1.webp 1280w, https:\/\/patients.brainandspine.health\/wp-content\/uploads\/2025\/04\/1745081723-dr-slezins-web_1-240x300.webp 240w, https:\/\/patients.brainandspine.health\/wp-content\/uploads\/2025\/04\/1745081723-dr-slezins-web_1-819x1024.webp 819w, https:\/\/patients.brainandspine.health\/wp-content\/uploads\/2025\/04\/1745081723-dr-slezins-web_1-768x960.webp 768w, https:\/\/patients.brainandspine.health\/wp-content\/uploads\/2025\/04\/1745081723-dr-slezins-web_1-1229x1536.webp 1229w, https:\/\/patients.brainandspine.health\/wp-content\/uploads\/2025\/04\/1745081723-dr-slezins-web_1-600x750.webp 600w\" sizes=\"auto, (max-width: 1280px) 100vw, 1280px\" \/><\/figure><\/div>\n\n\n\n<div class=\"column specialisti-card__content\">\n<div>\n<a class=\"gb-text specialisti-card__title\" href=\"\/en\/?direct-checkout=778\">Dr. med. J\u0101nis \u0160l\u0113zi\u0146\u0161<\/a>\n\n\n\n<p class=\"gb-text specialist-card__speciality\">MD, PhD, Board Certified Consultant Neurosurgeon<\/p>\n<\/div>\n\n\n\n<a class=\"gb-text button\" href=\"\/en\/?direct-checkout=778\">Choose a Specialist<\/a>\n<\/div>\n<\/article>\n\n<article class=\"gb-loop-item specialisti-card post-89 doctor type-doctor status-publish has-post-thumbnail hentry\">\n<div class=\"specialist-cad__image-container\"><figure class=\"speciality-card__img wp-block-post-featured-image\"><img loading=\"lazy\" decoding=\"async\" width=\"1280\" height=\"1600\" src=\"https:\/\/patients.brainandspine.health\/wp-content\/uploads\/2025\/04\/1745081650-dr-mikijanskis-web_1.webp\" class=\"attachment-post-thumbnail size-post-thumbnail wp-post-image\" alt=\"\" style=\"object-fit:cover;\" srcset=\"https:\/\/patients.brainandspine.health\/wp-content\/uploads\/2025\/04\/1745081650-dr-mikijanskis-web_1.webp 1280w, https:\/\/patients.brainandspine.health\/wp-content\/uploads\/2025\/04\/1745081650-dr-mikijanskis-web_1-240x300.webp 240w, https:\/\/patients.brainandspine.health\/wp-content\/uploads\/2025\/04\/1745081650-dr-mikijanskis-web_1-819x1024.webp 819w, https:\/\/patients.brainandspine.health\/wp-content\/uploads\/2025\/04\/1745081650-dr-mikijanskis-web_1-768x960.webp 768w, https:\/\/patients.brainandspine.health\/wp-content\/uploads\/2025\/04\/1745081650-dr-mikijanskis-web_1-1229x1536.webp 1229w, https:\/\/patients.brainandspine.health\/wp-content\/uploads\/2025\/04\/1745081650-dr-mikijanskis-web_1-600x750.webp 600w\" sizes=\"auto, (max-width: 1280px) 100vw, 1280px\" \/><\/figure><\/div>\n\n\n\n<div class=\"column specialisti-card__content\">\n<div>\n<a class=\"gb-text specialisti-card__title\" href=\"\/en\/?direct-checkout=779\">Dr. Raimonds Mikijanskis<\/a>\n\n\n\n<p class=\"gb-text specialist-card__speciality\">MD, Board Certified Consultant Neurosurgeon<\/p>\n<\/div>\n\n\n\n<a class=\"gb-text button\" href=\"\/en\/?direct-checkout=779\">Choose a Specialist<\/a>\n<\/div>\n<\/article>\n\n<article class=\"gb-loop-item specialisti-card post-96 doctor type-doctor status-publish has-post-thumbnail hentry\">\n<div class=\"specialist-cad__image-container\"><figure class=\"speciality-card__img wp-block-post-featured-image\"><img loading=\"lazy\" decoding=\"async\" width=\"1280\" height=\"1600\" src=\"https:\/\/patients.brainandspine.health\/wp-content\/uploads\/2025\/04\/1745502090-dr-vahbe-web_1.webp\" class=\"attachment-post-thumbnail size-post-thumbnail wp-post-image\" alt=\"\" style=\"object-fit:cover;\" srcset=\"https:\/\/patients.brainandspine.health\/wp-content\/uploads\/2025\/04\/1745502090-dr-vahbe-web_1.webp 1280w, https:\/\/patients.brainandspine.health\/wp-content\/uploads\/2025\/04\/1745502090-dr-vahbe-web_1-240x300.webp 240w, https:\/\/patients.brainandspine.health\/wp-content\/uploads\/2025\/04\/1745502090-dr-vahbe-web_1-819x1024.webp 819w, https:\/\/patients.brainandspine.health\/wp-content\/uploads\/2025\/04\/1745502090-dr-vahbe-web_1-768x960.webp 768w, https:\/\/patients.brainandspine.health\/wp-content\/uploads\/2025\/04\/1745502090-dr-vahbe-web_1-1229x1536.webp 1229w, https:\/\/patients.brainandspine.health\/wp-content\/uploads\/2025\/04\/1745502090-dr-vahbe-web_1-600x750.webp 600w\" sizes=\"auto, (max-width: 1280px) 100vw, 1280px\" \/><\/figure><\/div>\n\n\n\n<div class=\"column specialisti-card__content\">\n<div>\n<a class=\"gb-text specialisti-card__title\" href=\"\/en\/?direct-checkout=777\">Dr. Basels Jakubs Vahbe<\/a>\n\n\n\n<p class=\"gb-text specialist-card__speciality\">MD, Neurosurgeon, Pediatric neurosurgeon<\/p>\n<\/div>\n\n\n\n<a class=\"gb-text button\" href=\"\/en\/?direct-checkout=777\">Choose a Specialist<\/a>\n<\/div>\n<\/article>\n<\/div><\/section>\n<\/div>\n<\/div>\n\n\n\n<div class=\"section gb-element-d1b28ba6 alignfull\">\n<div class=\"container container-centered column-m\">\n<div class=\"narrow-width text-align-center column\">\n<div>\n<h2 class=\"gb-text\">Need Help? Watch the Video<\/h2>\n<\/div>\n\n\n\n<p class=\"gb-text\">Watch a short tutorial video to learn step by step how to easily choose a neurosurgeon and apply for a remote consultation.<\/p>\n<\/div>\n\n\n\n<figure class=\"wp-block-video\"><video height=\"1080\" style=\"aspect-ratio: 1920 \/ 1080;\" width=\"1920\" controls src=\"https:\/\/patients.brainandspine.health\/wp-content\/uploads\/2025\/09\/Andrew_otrs-viedoklis1.mp4\"><\/video><\/figure>\n<\/div>\n<\/div>","protected":false},"excerpt":{"rendered":"<p>Izv\u0113lieties speci\u0101listu Izv\u0113lieties k\u0101du no m\u016bsu pieredz\u0113ju\u0161ajiem neiro\u0137irurgiem un sa\u0146emiet NEIRO\u0136IRURGA OTRU VIEDOKLI &#8211; konsult\u0101ciju par savu slim\u012bbu,rakstisku \u0101rsta sl\u0113dzienu J\u016bsu e-past\u0101. M\u016bsu speci\u0101listi ir sertific\u0113ti neiro\u0137irurgi ar pla\u0161u pieredzi mugurkaula, smadze\u0146u un perif\u0113ro nervu slim\u012bbu \u0137irur\u0123isk\u0101 \u0101rst\u0113\u0161an\u0101. Nepiecie\u0161ama pal\u012bdz\u012bba? Noskatieties video Noskatieties \u012bsu video pam\u0101c\u012bbu, lai soli pa solim uzzin\u0101tu, k\u0101 \u0113rti izv\u0113l\u0113ties neiro\u0137irurgu [&hellip;]<\/p>","protected":false},"featured_media":118,"template":"","meta":[],"product_brand":[],"product_cat":[16],"product_tag":[],"class_list":{"0":"post-778","1":"product","2":"type-product","3":"status-publish","4":"has-post-thumbnail","6":"product_cat-uncategorized","8":"","9":"instock","10":"sold-individually","11":"shipping-taxable","12":"purchasable","13":"product-type-simple"},"_links":{"self":[{"href":"https:\/\/patients.brainandspine.health\/en\/wp-json\/wp\/v2\/product\/778","targetHints":{"allow":["GET"]}}],"collection":[{"href":"https:\/\/patients.brainandspine.health\/en\/wp-json\/wp\/v2\/product"}],"about":[{"href":"https:\/\/patients.brainandspine.health\/en\/wp-json\/wp\/v2\/types\/product"}],"wp:featuredmedia":[{"embeddable":true,"href":"https:\/\/patients.brainandspine.health\/en\/wp-json\/wp\/v2\/media\/118"}],"wp:attachment":[{"href":"https:\/\/patients.brainandspine.health\/en\/wp-json\/wp\/v2\/media?parent=778"}],"wp:term":[{"taxonomy":"product_brand","embeddable":true,"href":"https:\/\/patients.brainandspine.health\/en\/wp-json\/wp\/v2\/product_brand?post=778"},{"taxonomy":"product_cat","embeddable":true,"href":"https:\/\/patients.brainandspine.health\/en\/wp-json\/wp\/v2\/product_cat?post=778"},{"taxonomy":"product_tag","embeddable":true,"href":"https:\/\/patients.brainandspine.health\/en\/wp-json\/wp\/v2\/product_tag?post=778"}],"curies":[{"name":"wp","href":"https:\/\/api.w.org\/{rel}","templated":true}]}}