{"id":778,"date":"2025-06-14T22:44:06","date_gmt":"2025-06-14T19:44:06","guid":{"rendered":"https:\/\/patients.brainandspine.health\/product\/otrs-viedoklis-dr-med-janis-slezins\/"},"modified":"2026-01-26T10:35:28","modified_gmt":"2026-01-26T08:35:28","slug":"otrs-viedoklis-dr-med-janis-slezins","status":"publish","type":"product","link":"https:\/\/patients.brainandspine.health\/ru\/product\/otrs-viedoklis-dr-med-janis-slezins\/","title":{"rendered":"Otrs viedoklis &#8211; Dr. med. J\u0101nis \u0160l\u0113zi\u0146\u0161, MD, PhD, sertific\u0113ts \u0101rsts-neiro\u0137irurgs"},"content":{"rendered":"<div class=\"section gb-element-3b2ba314 alignfull\">\n<div class=\"container container-centered column-m\">\n<div class=\"narrow-width text-align-center column\">\n<div>\n<h1 class=\"gb-text gb-text-987a9a3a\">\u0412\u044b\u0431\u0435\u0440\u0438\u0442\u0435 \u0441\u043f\u0435\u0446\u0438\u0430\u043b\u0438\u0441\u0442\u0430<\/h1>\n<\/div>\n\n\n\n<p class=\"gb-text\">Izv\u0113lieties k\u0101du no m\u016bsu pieredz\u0113ju\u0161ajiem neiro\u0137irurgiem un sa\u0146emiet NEIRO\u0136IRURGA OTRU VIEDOKLI &#8211; konsult\u0101ciju par savu slim\u012bbu,<br>rakstisku \u0101rsta sl\u0113dzienu J\u016bsu e-past\u0101. <br>\u041d\u0430\u0448\u0438 \u0441\u043f\u0435\u0446\u0438\u0430\u043b\u0438\u0441\u0442\u044b \u2014 \u0441\u0435\u0440\u0442\u0438\u0444\u0438\u0446\u0438\u0440\u043e\u0432\u0430\u043d\u043d\u044b\u0435 \u043d\u0435\u0439\u0440\u043e\u0445\u0438\u0440\u0443\u0440\u0433\u0438 \u0441 \u0431\u043e\u043b\u044c\u0448\u0438\u043c \u043e\u043f\u044b\u0442\u043e\u043c \u0445\u0438\u0440\u0443\u0440\u0433\u0438\u0447\u0435\u0441\u043a\u043e\u0433\u043e \u043b\u0435\u0447\u0435\u043d\u0438\u044f \u0437\u0430\u0431\u043e\u043b\u0435\u0432\u0430\u043d\u0438\u0439 \u043f\u043e\u0437\u0432\u043e\u043d\u043e\u0447\u043d\u0438\u043a\u0430, \u0433\u043e\u043b\u043e\u0432\u043d\u043e\u0433\u043e \u043c\u043e\u0437\u0433\u0430 \u0438 \u043f\u0435\u0440\u0438\u0444\u0435\u0440\u0438\u0447\u0435\u0441\u043a\u0438\u0445 \u043d\u0435\u0440\u0432\u043e\u0432.<\/p>\n<\/div>\n\n\n\n<section class=\"service-specialists-query\"><div class=\"specialisti-query\">\n<article class=\"gb-loop-item specialisti-card post-14 doctor type-doctor status-publish has-post-thumbnail hentry\">\n<div class=\"specialist-cad__image-container\"><figure class=\"speciality-card__img wp-block-post-featured-image\"><img loading=\"lazy\" decoding=\"async\" width=\"1280\" height=\"1600\" src=\"https:\/\/patients.brainandspine.health\/wp-content\/uploads\/2025\/04\/1745081723-dr-slezins-web_1.webp\" class=\"attachment-post-thumbnail size-post-thumbnail wp-post-image\" alt=\"\" style=\"object-fit:cover;\" srcset=\"https:\/\/patients.brainandspine.health\/wp-content\/uploads\/2025\/04\/1745081723-dr-slezins-web_1.webp 1280w, https:\/\/patients.brainandspine.health\/wp-content\/uploads\/2025\/04\/1745081723-dr-slezins-web_1-240x300.webp 240w, https:\/\/patients.brainandspine.health\/wp-content\/uploads\/2025\/04\/1745081723-dr-slezins-web_1-819x1024.webp 819w, https:\/\/patients.brainandspine.health\/wp-content\/uploads\/2025\/04\/1745081723-dr-slezins-web_1-768x960.webp 768w, https:\/\/patients.brainandspine.health\/wp-content\/uploads\/2025\/04\/1745081723-dr-slezins-web_1-1229x1536.webp 1229w, https:\/\/patients.brainandspine.health\/wp-content\/uploads\/2025\/04\/1745081723-dr-slezins-web_1-600x750.webp 600w\" sizes=\"auto, (max-width: 1280px) 100vw, 1280px\" \/><\/figure><\/div>\n\n\n\n<div class=\"column specialisti-card__content\">\n<div>\n<a class=\"gb-text specialisti-card__title\" href=\"\/ru\/?direct-checkout=778\">\u0414\u043e\u043a\u0442\u043e\u0440 \u043c\u0435\u0434\u0438\u0446\u0438\u043d\u0441\u043a\u0438\u0445 \u043d\u0430\u0443\u043a \u042f\u043d\u0438\u0441 \u0428\u043b\u0435\u0437\u0438\u043d\u044c\u0448<\/a>\n\n\n\n<p class=\"gb-text specialist-card__speciality\">MD, PhD, \u0421\u0435\u0440\u0442\u0438\u0444\u0438\u0446\u0438\u0440\u043e\u0432\u0430\u043d\u043d\u044b\u0439 \u0432\u0440\u0430\u0447-\u043d\u0435\u0439\u0440\u043e\u0445\u0438\u0440\u0443\u0440\u0433, \u0432\u0435\u0440\u0442\u0435\u0431\u0440\u043e\u043b\u043e\u0433<\/p>\n<\/div>\n\n\n\n<a class=\"gb-text button\" href=\"\/ru\/?direct-checkout=778\">\u0412\u044b\u0431\u0440\u0430\u0442\u044c \u0441\u043f\u0435\u0446\u0438\u0430\u043b\u0438\u0441\u0442\u0430<\/a>\n<\/div>\n<\/article>\n\n<article class=\"gb-loop-item specialisti-card post-89 doctor type-doctor status-publish has-post-thumbnail hentry\">\n<div class=\"specialist-cad__image-container\"><figure class=\"speciality-card__img wp-block-post-featured-image\"><img loading=\"lazy\" decoding=\"async\" width=\"1280\" height=\"1600\" src=\"https:\/\/patients.brainandspine.health\/wp-content\/uploads\/2025\/04\/1745081650-dr-mikijanskis-web_1.webp\" class=\"attachment-post-thumbnail size-post-thumbnail wp-post-image\" alt=\"\" style=\"object-fit:cover;\" srcset=\"https:\/\/patients.brainandspine.health\/wp-content\/uploads\/2025\/04\/1745081650-dr-mikijanskis-web_1.webp 1280w, https:\/\/patients.brainandspine.health\/wp-content\/uploads\/2025\/04\/1745081650-dr-mikijanskis-web_1-240x300.webp 240w, https:\/\/patients.brainandspine.health\/wp-content\/uploads\/2025\/04\/1745081650-dr-mikijanskis-web_1-819x1024.webp 819w, https:\/\/patients.brainandspine.health\/wp-content\/uploads\/2025\/04\/1745081650-dr-mikijanskis-web_1-768x960.webp 768w, https:\/\/patients.brainandspine.health\/wp-content\/uploads\/2025\/04\/1745081650-dr-mikijanskis-web_1-1229x1536.webp 1229w, https:\/\/patients.brainandspine.health\/wp-content\/uploads\/2025\/04\/1745081650-dr-mikijanskis-web_1-600x750.webp 600w\" sizes=\"auto, (max-width: 1280px) 100vw, 1280px\" \/><\/figure><\/div>\n\n\n\n<div class=\"column specialisti-card__content\">\n<div>\n<a class=\"gb-text specialisti-card__title\" href=\"\/ru\/?direct-checkout=779\">\u0414\u043e\u043a\u0442\u043e\u0440 \u0420\u0430\u0439\u043c\u043e\u043d\u0434\u0441 \u041c\u0438\u043a\u0438\u044f\u043d\u0441\u043a\u0438\u0441<\/a>\n\n\n\n<p class=\"gb-text specialist-card__speciality\">MD, \u0421\u0435\u0440\u0442\u0438\u0444\u0438\u0446\u0438\u0440\u043e\u0432\u0430\u043d\u043d\u044b\u0439 \u0432\u0440\u0430\u0447-\u043d\u0435\u0439\u0440\u043e\u0445\u0438\u0440\u0443\u0440\u0433<\/p>\n<\/div>\n\n\n\n<a class=\"gb-text button\" href=\"\/ru\/?direct-checkout=779\">\u0412\u044b\u0431\u0440\u0430\u0442\u044c \u0441\u043f\u0435\u0446\u0438\u0430\u043b\u0438\u0441\u0442\u0430<\/a>\n<\/div>\n<\/article>\n\n<article class=\"gb-loop-item specialisti-card post-96 doctor type-doctor status-publish has-post-thumbnail hentry\">\n<div class=\"specialist-cad__image-container\"><figure class=\"speciality-card__img wp-block-post-featured-image\"><img loading=\"lazy\" decoding=\"async\" width=\"1280\" height=\"1600\" src=\"https:\/\/patients.brainandspine.health\/wp-content\/uploads\/2025\/04\/1745502090-dr-vahbe-web_1.webp\" class=\"attachment-post-thumbnail size-post-thumbnail wp-post-image\" alt=\"\" style=\"object-fit:cover;\" srcset=\"https:\/\/patients.brainandspine.health\/wp-content\/uploads\/2025\/04\/1745502090-dr-vahbe-web_1.webp 1280w, https:\/\/patients.brainandspine.health\/wp-content\/uploads\/2025\/04\/1745502090-dr-vahbe-web_1-240x300.webp 240w, https:\/\/patients.brainandspine.health\/wp-content\/uploads\/2025\/04\/1745502090-dr-vahbe-web_1-819x1024.webp 819w, https:\/\/patients.brainandspine.health\/wp-content\/uploads\/2025\/04\/1745502090-dr-vahbe-web_1-768x960.webp 768w, https:\/\/patients.brainandspine.health\/wp-content\/uploads\/2025\/04\/1745502090-dr-vahbe-web_1-1229x1536.webp 1229w, https:\/\/patients.brainandspine.health\/wp-content\/uploads\/2025\/04\/1745502090-dr-vahbe-web_1-600x750.webp 600w\" sizes=\"auto, (max-width: 1280px) 100vw, 1280px\" \/><\/figure><\/div>\n\n\n\n<div class=\"column specialisti-card__content\">\n<div>\n<a class=\"gb-text specialisti-card__title\" href=\"\/ru\/?direct-checkout=777\">\u0414\u043e\u043a\u0442\u043e\u0440 \u0411\u0430\u0441\u0435\u043b\u0441 \u042f\u043a\u0443\u0431\u0441 \u0412\u0430\u0445\u0431\u0435<\/a>\n\n\n\n<p class=\"gb-text specialist-card__speciality\">MD, \u0421\u0435\u0440\u0442\u0438\u0444\u0438\u0446\u0438\u0440\u043e\u0432\u0430\u043d\u043d\u044b\u0439 \u0432\u0440\u0430\u0447-\u043d\u0435\u0439\u0440\u043e\u0445\u0438\u0440\u0443\u0440\u0433, \u0432\u0435\u0440\u0442\u0435\u0431\u0440\u043e\u043b\u043e\u0433<\/p>\n<\/div>\n\n\n\n<a class=\"gb-text button\" href=\"\/ru\/?direct-checkout=777\">\u0412\u044b\u0431\u0440\u0430\u0442\u044c \u0441\u043f\u0435\u0446\u0438\u0430\u043b\u0438\u0441\u0442\u0430<\/a>\n<\/div>\n<\/article>\n<\/div><\/section>\n<\/div>\n<\/div>\n\n\n\n<div class=\"section gb-element-d1b28ba6 alignfull\">\n<div class=\"container container-centered column-m\">\n<div class=\"narrow-width text-align-center column\">\n<div>\n<h2 class=\"gb-text\">\u041d\u0443\u0436\u043d\u0430 \u043f\u043e\u043c\u043e\u0449\u044c? \u041f\u043e\u0441\u043c\u043e\u0442\u0440\u0438\u0442\u0435 \u0432\u0438\u0434\u0435\u043e<\/h2>\n<\/div>\n\n\n\n<p class=\"gb-text\">\u041f\u043e\u0441\u043c\u043e\u0442\u0440\u0438\u0442\u0435 \u043a\u043e\u0440\u043e\u0442\u043a\u043e\u0435 \u043e\u0431\u0443\u0447\u0430\u044e\u0449\u0435\u0435 \u0432\u0438\u0434\u0435\u043e, \u0447\u0442\u043e\u0431\u044b \u0448\u0430\u0433 \u0437\u0430 \u0448\u0430\u0433\u043e\u043c \u0443\u0437\u043d\u0430\u0442\u044c, \u043a\u0430\u043a \u0443\u0434\u043e\u0431\u043d\u043e \u0432\u044b\u0431\u0440\u0430\u0442\u044c \u043d\u0435\u0439\u0440\u043e\u0445\u0438\u0440\u0443\u0440\u0433\u0430 \u0438 \u0437\u0430\u043f\u0438\u0441\u0430\u0442\u044c\u0441\u044f \u043d\u0430 \u0434\u0438\u0441\u0442\u0430\u043d\u0446\u0438\u043e\u043d\u043d\u0443\u044e \u043a\u043e\u043d\u0441\u0443\u043b\u044c\u0442\u0430\u0446\u0438\u044e.<\/p>\n<\/div>\n\n\n\n<figure class=\"wp-block-video\"><video height=\"1080\" style=\"aspect-ratio: 1920 \/ 1080;\" width=\"1920\" controls src=\"https:\/\/patients.brainandspine.health\/wp-content\/uploads\/2025\/09\/Andrej_otrs-viedoklis1.mp4\"><\/video><\/figure>\n<\/div>\n<\/div>","protected":false},"excerpt":{"rendered":"<p>Izv\u0113lieties speci\u0101listu Izv\u0113lieties k\u0101du no m\u016bsu pieredz\u0113ju\u0161ajiem neiro\u0137irurgiem un sa\u0146emiet NEIRO\u0136IRURGA OTRU VIEDOKLI &#8211; konsult\u0101ciju par savu slim\u012bbu,rakstisku \u0101rsta sl\u0113dzienu J\u016bsu e-past\u0101. M\u016bsu speci\u0101listi ir sertific\u0113ti neiro\u0137irurgi ar pla\u0161u pieredzi mugurkaula, smadze\u0146u un perif\u0113ro nervu slim\u012bbu \u0137irur\u0123isk\u0101 \u0101rst\u0113\u0161an\u0101. Nepiecie\u0161ama pal\u012bdz\u012bba? Noskatieties video Noskatieties \u012bsu video pam\u0101c\u012bbu, lai soli pa solim uzzin\u0101tu, k\u0101 \u0113rti izv\u0113l\u0113ties neiro\u0137irurgu [&hellip;]<\/p>","protected":false},"featured_media":118,"template":"","meta":[],"product_brand":[],"product_cat":[16],"product_tag":[],"class_list":{"0":"post-778","1":"product","2":"type-product","3":"status-publish","4":"has-post-thumbnail","6":"product_cat-uncategorized","8":"","9":"instock","10":"sold-individually","11":"shipping-taxable","12":"purchasable","13":"product-type-simple"},"_links":{"self":[{"href":"https:\/\/patients.brainandspine.health\/ru\/wp-json\/wp\/v2\/product\/778","targetHints":{"allow":["GET"]}}],"collection":[{"href":"https:\/\/patients.brainandspine.health\/ru\/wp-json\/wp\/v2\/product"}],"about":[{"href":"https:\/\/patients.brainandspine.health\/ru\/wp-json\/wp\/v2\/types\/product"}],"wp:featuredmedia":[{"embeddable":true,"href":"https:\/\/patients.brainandspine.health\/ru\/wp-json\/wp\/v2\/media\/118"}],"wp:attachment":[{"href":"https:\/\/patients.brainandspine.health\/ru\/wp-json\/wp\/v2\/media?parent=778"}],"wp:term":[{"taxonomy":"product_brand","embeddable":true,"href":"https:\/\/patients.brainandspine.health\/ru\/wp-json\/wp\/v2\/product_brand?post=778"},{"taxonomy":"product_cat","embeddable":true,"href":"https:\/\/patients.brainandspine.health\/ru\/wp-json\/wp\/v2\/product_cat?post=778"},{"taxonomy":"product_tag","embeddable":true,"href":"https:\/\/patients.brainandspine.health\/ru\/wp-json\/wp\/v2\/product_tag?post=778"}],"curies":[{"name":"wp","href":"https:\/\/api.w.org\/{rel}","templated":true}]}}